{"id":261,"date":"2023-04-04T10:15:33","date_gmt":"2023-04-04T08:15:33","guid":{"rendered":"https:\/\/www.edelkastanie.bz\/toerggelen-gian\/"},"modified":"2023-09-14T14:00:35","modified_gmt":"2023-09-14T12:00:35","slug":"toerggelen","status":"publish","type":"page","link":"https:\/\/www.edelkastanie.bz\/it\/toerggelen\/","title":{"rendered":"T\u00f6rggelen"},"content":{"rendered":"","protected":false},"excerpt":{"rendered":"","protected":false},"author":1,"featured_media":179,"parent":0,"menu_order":0,"comment_status":"closed","ping_status":"closed","template":"template-home.php","meta":{"footnotes":""},"class_list":["post-261","page","type-page","status-publish","has-post-thumbnail","hentry"],"acf":[],"yoast_head":"<!-- This site is optimized with the Yoast SEO plugin v21.1 - https:\/\/yoast.com\/wordpress\/plugins\/seo\/ -->\n<title>T\u00f6rggelen in Alto Adige<\/title>\n<meta name=\"description\" content=\"T\u00f6rggelen in Alto Adige! Il T\u00f6rggelen \u00e8 da sempre un&#039;usanza in Alto Adige: le castagne arrostite e il vino novello sono una vera delizia!\" \/>\n<meta name=\"robots\" content=\"index, follow, max-snippet:-1, max-image-preview:large, max-video-preview:-1\" \/>\n<link rel=\"canonical\" href=\"https:\/\/www.edelkastanie.bz\/it\/toerggelen\/\" \/>\n<meta property=\"og:locale\" content=\"it_IT\" \/>\n<meta property=\"og:type\" content=\"article\" \/>\n<meta property=\"og:title\" content=\"T\u00f6rggelen in Alto Adige\" \/>\n<meta property=\"og:description\" content=\"T\u00f6rggelen in Alto Adige! Il T\u00f6rggelen \u00e8 da sempre un&#039;usanza in Alto Adige: le castagne arrostite e il vino novello sono una vera delizia!\" \/>\n<meta property=\"og:url\" content=\"https:\/\/www.edelkastanie.bz\/it\/toerggelen\/\" \/>\n<meta property=\"og:site_name\" content=\"www.edelkastanie.bz\" \/>\n<meta property=\"article:modified_time\" content=\"2023-09-14T12:00:35+00:00\" \/>\n<meta property=\"og:image\" content=\"https:\/\/www.edelkastanie.bz\/wp-content\/uploads\/idm07601anmi_IDM-Suedtirol-Alto-Adige-Andreas-Mierswa.jpg\" \/>\n\t<meta property=\"og:image:width\" content=\"2000\" \/>\n\t<meta property=\"og:image:height\" content=\"1333\" \/>\n\t<meta property=\"og:image:type\" content=\"image\/jpeg\" \/>\n<script type=\"application\/ld+json\" class=\"yoast-schema-graph\">{\"@context\":\"https:\/\/schema.org\",\"@graph\":[{\"@type\":\"WebPage\",\"@id\":\"https:\/\/www.edelkastanie.bz\/it\/toerggelen\/\",\"url\":\"https:\/\/www.edelkastanie.bz\/it\/toerggelen\/\",\"name\":\"T\u00f6rggelen in Alto Adige\",\"isPartOf\":{\"@id\":\"https:\/\/www.edelkastanie.bz\/it\/#website\"},\"datePublished\":\"2023-04-04T08:15:33+00:00\",\"dateModified\":\"2023-09-14T12:00:35+00:00\",\"description\":\"T\u00f6rggelen in Alto Adige! Il T\u00f6rggelen \u00e8 da sempre un'usanza in Alto Adige: le castagne arrostite e il vino novello sono una vera delizia!\",\"breadcrumb\":{\"@id\":\"https:\/\/www.edelkastanie.bz\/it\/toerggelen\/#breadcrumb\"},\"inLanguage\":\"it-IT\",\"potentialAction\":[{\"@type\":\"ReadAction\",\"target\":[\"https:\/\/www.edelkastanie.bz\/it\/toerggelen\/\"]}]},{\"@type\":\"BreadcrumbList\",\"@id\":\"https:\/\/www.edelkastanie.bz\/it\/toerggelen\/#breadcrumb\",\"itemListElement\":[{\"@type\":\"ListItem\",\"position\":1,\"name\":\"Startseite\",\"item\":\"https:\/\/www.edelkastanie.bz\/it\/\"},{\"@type\":\"ListItem\",\"position\":2,\"name\":\"T\u00f6rggelen\"}]},{\"@type\":\"WebSite\",\"@id\":\"https:\/\/www.edelkastanie.bz\/it\/#website\",\"url\":\"https:\/\/www.edelkastanie.bz\/it\/\",\"name\":\"www.edelkastanie.bz\",\"description\":\"\",\"potentialAction\":[{\"@type\":\"SearchAction\",\"target\":{\"@type\":\"EntryPoint\",\"urlTemplate\":\"https:\/\/www.edelkastanie.bz\/it\/?s={search_term_string}\"},\"query-input\":\"required name=search_term_string\"}],\"inLanguage\":\"it-IT\"}]}<\/script>\n<!-- \/ Yoast SEO plugin. -->","yoast_head_json":{"title":"T\u00f6rggelen in Alto Adige","description":"T\u00f6rggelen in Alto Adige! Il T\u00f6rggelen \u00e8 da sempre un'usanza in Alto Adige: le castagne arrostite e il vino novello sono una vera delizia!","robots":{"index":"index","follow":"follow","max-snippet":"max-snippet:-1","max-image-preview":"max-image-preview:large","max-video-preview":"max-video-preview:-1"},"canonical":"https:\/\/www.edelkastanie.bz\/it\/toerggelen\/","og_locale":"it_IT","og_type":"article","og_title":"T\u00f6rggelen in Alto Adige","og_description":"T\u00f6rggelen in Alto Adige! Il T\u00f6rggelen \u00e8 da sempre un'usanza in Alto Adige: le castagne arrostite e il vino novello sono una vera delizia!","og_url":"https:\/\/www.edelkastanie.bz\/it\/toerggelen\/","og_site_name":"www.edelkastanie.bz","article_modified_time":"2023-09-14T12:00:35+00:00","og_image":[{"width":2000,"height":1333,"url":"https:\/\/www.edelkastanie.bz\/wp-content\/uploads\/idm07601anmi_IDM-Suedtirol-Alto-Adige-Andreas-Mierswa.jpg","type":"image\/jpeg"}],"schema":{"@context":"https:\/\/schema.org","@graph":[{"@type":"WebPage","@id":"https:\/\/www.edelkastanie.bz\/it\/toerggelen\/","url":"https:\/\/www.edelkastanie.bz\/it\/toerggelen\/","name":"T\u00f6rggelen in Alto Adige","isPartOf":{"@id":"https:\/\/www.edelkastanie.bz\/it\/#website"},"datePublished":"2023-04-04T08:15:33+00:00","dateModified":"2023-09-14T12:00:35+00:00","description":"T\u00f6rggelen in Alto Adige! Il T\u00f6rggelen \u00e8 da sempre un'usanza in Alto Adige: le castagne arrostite e il vino novello sono una vera delizia!","breadcrumb":{"@id":"https:\/\/www.edelkastanie.bz\/it\/toerggelen\/#breadcrumb"},"inLanguage":"it-IT","potentialAction":[{"@type":"ReadAction","target":["https:\/\/www.edelkastanie.bz\/it\/toerggelen\/"]}]},{"@type":"BreadcrumbList","@id":"https:\/\/www.edelkastanie.bz\/it\/toerggelen\/#breadcrumb","itemListElement":[{"@type":"ListItem","position":1,"name":"Startseite","item":"https:\/\/www.edelkastanie.bz\/it\/"},{"@type":"ListItem","position":2,"name":"T\u00f6rggelen"}]},{"@type":"WebSite","@id":"https:\/\/www.edelkastanie.bz\/it\/#website","url":"https:\/\/www.edelkastanie.bz\/it\/","name":"www.edelkastanie.bz","description":"","potentialAction":[{"@type":"SearchAction","target":{"@type":"EntryPoint","urlTemplate":"https:\/\/www.edelkastanie.bz\/it\/?s={search_term_string}"},"query-input":"required name=search_term_string"}],"inLanguage":"it-IT"}]}},"_links":{"self":[{"href":"https:\/\/www.edelkastanie.bz\/it\/wp-json\/wp\/v2\/pages\/261","targetHints":{"allow":["GET"]}}],"collection":[{"href":"https:\/\/www.edelkastanie.bz\/it\/wp-json\/wp\/v2\/pages"}],"about":[{"href":"https:\/\/www.edelkastanie.bz\/it\/wp-json\/wp\/v2\/types\/page"}],"author":[{"embeddable":true,"href":"https:\/\/www.edelkastanie.bz\/it\/wp-json\/wp\/v2\/users\/1"}],"replies":[{"embeddable":true,"href":"https:\/\/www.edelkastanie.bz\/it\/wp-json\/wp\/v2\/comments?post=261"}],"version-history":[{"count":5,"href":"https:\/\/www.edelkastanie.bz\/it\/wp-json\/wp\/v2\/pages\/261\/revisions"}],"predecessor-version":[{"id":399,"href":"https:\/\/www.edelkastanie.bz\/it\/wp-json\/wp\/v2\/pages\/261\/revisions\/399"}],"wp:featuredmedia":[{"embeddable":true,"href":"https:\/\/www.edelkastanie.bz\/it\/wp-json\/wp\/v2\/media\/179"}],"wp:attachment":[{"href":"https:\/\/www.edelkastanie.bz\/it\/wp-json\/wp\/v2\/media?parent=261"}],"curies":[{"name":"wp","href":"https:\/\/api.w.org\/{rel}","templated":true}]}}